{"id":2925,"date":"2023-12-14T16:57:26","date_gmt":"2023-12-14T16:57:26","guid":{"rendered":"https:\/\/alexoyarzabal.com\/?page_id=2925"},"modified":"2025-08-23T18:04:40","modified_gmt":"2025-08-23T18:04:40","slug":"gracias-por-tu-registro","status":"publish","type":"page","link":"https:\/\/alexoyarzabal.com\/index.php\/gracias-por-tu-registro\/","title":{"rendered":"Gracias por tu registro"},"content":{"rendered":"\t\t<div data-elementor-type=\"wp-page\" data-elementor-id=\"2925\" class=\"elementor elementor-2925\" data-elementor-post-type=\"page\">\n\t\t\t\t\t\t<section class=\"elementor-section elementor-top-section elementor-element elementor-element-85fbfb6 elementor-section-boxed elementor-section-height-default elementor-section-height-default\" data-id=\"85fbfb6\" data-element_type=\"section\" data-settings=\"{&quot;background_background&quot;:&quot;classic&quot;}\">\n\t\t\t\t\t\t<div class=\"elementor-container elementor-column-gap-default\">\n\t\t\t\t\t<div class=\"elementor-column elementor-col-100 elementor-top-column elementor-element elementor-element-21fccf7\" data-id=\"21fccf7\" data-element_type=\"column\">\n\t\t\t<div class=\"elementor-widget-wrap elementor-element-populated\">\n\t\t\t\t\t\t<div class=\"elementor-element elementor-element-b9f8ec3 elementor-widget elementor-widget-image\" data-id=\"b9f8ec3\" data-element_type=\"widget\" data-widget_type=\"image.default\">\n\t\t\t\t<div class=\"elementor-widget-container\">\n\t\t\t<style>\/*! elementor - v3.21.0 - 26-05-2024 *\/\n.elementor-widget-image{text-align:center}.elementor-widget-image a{display:inline-block}.elementor-widget-image a img[src$=\".svg\"]{width:48px}.elementor-widget-image img{vertical-align:middle;display:inline-block}<\/style>\t\t\t\t\t\t\t\t\t\t<img decoding=\"async\" width=\"180\" height=\"60\" src=\"https:\/\/alexoyarzabal.com\/wp-content\/uploads\/2023\/06\/Alex-Oyarzabal-1.png\" class=\"attachment-large size-large wp-image-499\" alt=\"\" \/>\t\t\t\t\t\t\t\t\t\t\t\t\t<\/div>\n\t\t\t\t<\/div>\n\t\t\t\t<section class=\"elementor-section elementor-inner-section elementor-element elementor-element-1e1f4d5 elementor-section-boxed elementor-section-height-default elementor-section-height-default\" data-id=\"1e1f4d5\" data-element_type=\"section\">\n\t\t\t\t\t\t<div class=\"elementor-container elementor-column-gap-default\">\n\t\t\t\t\t<div class=\"elementor-column elementor-col-50 elementor-inner-column elementor-element elementor-element-26a1b5f\" data-id=\"26a1b5f\" data-element_type=\"column\">\n\t\t\t<div class=\"elementor-widget-wrap elementor-element-populated\">\n\t\t\t\t\t\t<div class=\"elementor-element elementor-element-778b67b elementor-widget elementor-widget-heading\" data-id=\"778b67b\" data-element_type=\"widget\" data-widget_type=\"heading.default\">\n\t\t\t\t<div class=\"elementor-widget-container\">\n\t\t\t<style>\/*! elementor - v3.21.0 - 26-05-2024 *\/\n.elementor-heading-title{padding:0;margin:0;line-height:1}.elementor-widget-heading .elementor-heading-title[class*=elementor-size-]>a{color:inherit;font-size:inherit;line-height:inherit}.elementor-widget-heading .elementor-heading-title.elementor-size-small{font-size:15px}.elementor-widget-heading .elementor-heading-title.elementor-size-medium{font-size:19px}.elementor-widget-heading .elementor-heading-title.elementor-size-large{font-size:29px}.elementor-widget-heading .elementor-heading-title.elementor-size-xl{font-size:39px}.elementor-widget-heading .elementor-heading-title.elementor-size-xxl{font-size:59px}<\/style><h2 class=\"elementor-heading-title elementor-size-default\">\u00a1Excelente!<\/h2>\t\t<\/div>\n\t\t\t\t<\/div>\n\t\t\t\t<div class=\"elementor-element elementor-element-b58b938 elementor-widget elementor-widget-heading\" data-id=\"b58b938\" data-element_type=\"widget\" data-widget_type=\"heading.default\">\n\t\t\t\t<div class=\"elementor-widget-container\">\n\t\t\t<h2 class=\"elementor-heading-title elementor-size-default\">Ya tienes un lugar garantizado en el webinar. <\/h2>\t\t<\/div>\n\t\t\t\t<\/div>\n\t\t\t\t<div class=\"elementor-element elementor-element-0d0a1c7 elementor-widget elementor-widget-heading\" data-id=\"0d0a1c7\" data-element_type=\"widget\" data-widget_type=\"heading.default\">\n\t\t\t\t<div class=\"elementor-widget-container\">\n\t\t\t<h2 class=\"elementor-heading-title elementor-size-default\">\u00a1Accede a la comunidad de WhatsApp privada!<\/h2>\t\t<\/div>\n\t\t\t\t<\/div>\n\t\t\t\t<div class=\"elementor-element elementor-element-93ea176 elementor-widget elementor-widget-text-editor\" data-id=\"93ea176\" data-element_type=\"widget\" data-widget_type=\"text-editor.default\">\n\t\t\t\t<div class=\"elementor-widget-container\">\n\t\t\t<style>\/*! elementor - v3.21.0 - 26-05-2024 *\/\n.elementor-widget-text-editor.elementor-drop-cap-view-stacked .elementor-drop-cap{background-color:#69727d;color:#fff}.elementor-widget-text-editor.elementor-drop-cap-view-framed .elementor-drop-cap{color:#69727d;border:3px solid;background-color:transparent}.elementor-widget-text-editor:not(.elementor-drop-cap-view-default) .elementor-drop-cap{margin-top:8px}.elementor-widget-text-editor:not(.elementor-drop-cap-view-default) .elementor-drop-cap-letter{width:1em;height:1em}.elementor-widget-text-editor .elementor-drop-cap{float:left;text-align:center;line-height:1;font-size:50px}.elementor-widget-text-editor .elementor-drop-cap-letter{display:inline-block}<\/style>\t\t\t\t<p>Aqu\u00ed recibir\u00e1s el acceso el d\u00eda del webinar y podr\u00e1s tener el acceso gratuito a las transmisiones previas al webinar<\/p>\t\t\t\t\t\t<\/div>\n\t\t\t\t<\/div>\n\t\t\t\t<div class=\"elementor-element elementor-element-a9e773a elementor-widget elementor-widget-button\" data-id=\"a9e773a\" data-element_type=\"widget\" data-widget_type=\"button.default\">\n\t\t\t\t<div class=\"elementor-widget-container\">\n\t\t\t\t\t<div class=\"elementor-button-wrapper\">\n\t\t\t<a class=\"elementor-button elementor-button-link elementor-size-sm\" href=\"https:\/\/chat.whatsapp.com\/IGimVRbruYNDBY61w09jvw?mode=ems_wa_t\">\n\t\t\t\t\t\t<span class=\"elementor-button-content-wrapper\">\n\t\t\t\t\t\t\t\t\t<span class=\"elementor-button-text\">\u00a1Quiero acceder!<\/span>\n\t\t\t\t\t<\/span>\n\t\t\t\t\t<\/a>\n\t\t<\/div>\n\t\t\t\t<\/div>\n\t\t\t\t<\/div>\n\t\t\t\t\t<\/div>\n\t\t<\/div>\n\t\t\t\t<div class=\"elementor-column elementor-col-50 elementor-inner-column elementor-element elementor-element-28912ea\" data-id=\"28912ea\" data-element_type=\"column\">\n\t\t\t<div class=\"elementor-widget-wrap elementor-element-populated\">\n\t\t\t\t\t\t<div class=\"elementor-element elementor-element-3915ab5 elementor-widget elementor-widget-image\" data-id=\"3915ab5\" data-element_type=\"widget\" data-widget_type=\"image.default\">\n\t\t\t\t<div class=\"elementor-widget-container\">\n\t\t\t\t\t\t\t\t\t\t\t\t\t<img fetchpriority=\"high\" decoding=\"async\" width=\"1024\" height=\"683\" src=\"https:\/\/alexoyarzabal.com\/wp-content\/uploads\/2023\/07\/corredor-financiero-hispano-apuesto-seguro-que-muestra-puno-pantalla-computadora-mientras-comercia-casa-1-1-1024x683.jpg\" class=\"attachment-large size-large wp-image-1715\" alt=\"\" srcset=\"https:\/\/alexoyarzabal.com\/wp-content\/uploads\/2023\/07\/corredor-financiero-hispano-apuesto-seguro-que-muestra-puno-pantalla-computadora-mientras-comercia-casa-1-1-1024x683.jpg 1024w, https:\/\/alexoyarzabal.com\/wp-content\/uploads\/2023\/07\/corredor-financiero-hispano-apuesto-seguro-que-muestra-puno-pantalla-computadora-mientras-comercia-casa-1-1-300x200.jpg 300w, https:\/\/alexoyarzabal.com\/wp-content\/uploads\/2023\/07\/corredor-financiero-hispano-apuesto-seguro-que-muestra-puno-pantalla-computadora-mientras-comercia-casa-1-1-scaled-600x400.jpg 600w, https:\/\/alexoyarzabal.com\/wp-content\/uploads\/2023\/07\/corredor-financiero-hispano-apuesto-seguro-que-muestra-puno-pantalla-computadora-mientras-comercia-casa-1-1-768x512.jpg 768w, https:\/\/alexoyarzabal.com\/wp-content\/uploads\/2023\/07\/corredor-financiero-hispano-apuesto-seguro-que-muestra-puno-pantalla-computadora-mientras-comercia-casa-1-1-1536x1025.jpg 1536w, https:\/\/alexoyarzabal.com\/wp-content\/uploads\/2023\/07\/corredor-financiero-hispano-apuesto-seguro-que-muestra-puno-pantalla-computadora-mientras-comercia-casa-1-1-2048x1366.jpg 2048w\" sizes=\"(max-width: 1024px) 100vw, 1024px\" \/>\t\t\t\t\t\t\t\t\t\t\t\t\t<\/div>\n\t\t\t\t<\/div>\n\t\t\t\t\t<\/div>\n\t\t<\/div>\n\t\t\t\t\t<\/div>\n\t\t<\/section>\n\t\t\t\t\t<\/div>\n\t\t<\/div>\n\t\t\t\t\t<\/div>\n\t\t<\/section>\n\t\t\t\t<\/div>\n\t\t","protected":false},"excerpt":{"rendered":"<p>\u00a1Excelente! Ya tienes un lugar garantizado en el webinar. \u00a1Accede a la comunidad de WhatsApp privada! Aqu\u00ed recibir\u00e1s el acceso el d\u00eda del webinar y podr\u00e1s tener el acceso gratuito a las transmisiones previas al webinar \u00a1Quiero acceder!<\/p>\n","protected":false},"author":1,"featured_media":0,"parent":0,"menu_order":0,"comment_status":"closed","ping_status":"closed","template":"","meta":{"site-sidebar-layout":"no-sidebar","site-content-layout":"page-builder","ast-global-header-display":"","ast-banner-title-visibility":"","ast-main-header-display":"","ast-hfb-above-header-display":"","ast-hfb-below-header-display":"","ast-hfb-mobile-header-display":"","site-post-title":"disabled","ast-breadcrumbs-content":"","ast-featured-img":"disabled","footer-sml-layout":"","theme-transparent-header-meta":"","adv-header-id-meta":"","stick-header-meta":"","header-above-stick-meta":"","header-main-stick-meta":"","header-below-stick-meta":""},"wf_page_folders":[],"yoast_head":"<!-- This site is optimized with the Yoast SEO plugin v20.9 - https:\/\/yoast.com\/wordpress\/plugins\/seo\/ -->\n<title>Gracias por tu registro - Alex Oyarzabal<\/title>\n<meta name=\"robots\" content=\"index, follow, max-snippet:-1, max-image-preview:large, max-video-preview:-1\" \/>\n<link rel=\"canonical\" href=\"https:\/\/alexoyarzabal.com\/index.php\/gracias-por-tu-registro\/\" \/>\n<meta property=\"og:locale\" content=\"es_MX\" \/>\n<meta property=\"og:type\" content=\"article\" \/>\n<meta property=\"og:title\" content=\"Gracias por tu registro - Alex Oyarzabal\" \/>\n<meta property=\"og:description\" content=\"\u00a1Excelente! Ya tienes un lugar garantizado en el webinar. \u00a1Accede a la comunidad de WhatsApp privada! Aqu\u00ed recibir\u00e1s el acceso el d\u00eda del webinar y podr\u00e1s tener el acceso gratuito a las transmisiones previas al webinar \u00a1Quiero acceder!\" \/>\n<meta property=\"og:url\" content=\"https:\/\/alexoyarzabal.com\/index.php\/gracias-por-tu-registro\/\" \/>\n<meta property=\"og:site_name\" content=\"Alex Oyarzabal\" \/>\n<meta property=\"article:modified_time\" content=\"2025-08-23T18:04:40+00:00\" \/>\n<meta property=\"og:image\" content=\"https:\/\/alexoyarzabal.com\/wp-content\/uploads\/2023\/06\/Alex-Oyarzabal-1.png\" \/>\n<meta name=\"twitter:card\" content=\"summary_large_image\" \/>\n<meta name=\"twitter:label1\" content=\"Tiempo de lectura\" \/>\n\t<meta name=\"twitter:data1\" content=\"1 minuto\" \/>\n<script type=\"application\/ld+json\" class=\"yoast-schema-graph\">{\"@context\":\"https:\/\/schema.org\",\"@graph\":[{\"@type\":\"WebPage\",\"@id\":\"https:\/\/alexoyarzabal.com\/index.php\/gracias-por-tu-registro\/\",\"url\":\"https:\/\/alexoyarzabal.com\/index.php\/gracias-por-tu-registro\/\",\"name\":\"Gracias por tu registro - Alex Oyarzabal\",\"isPartOf\":{\"@id\":\"https:\/\/alexoyarzabal.com\/#website\"},\"datePublished\":\"2023-12-14T16:57:26+00:00\",\"dateModified\":\"2025-08-23T18:04:40+00:00\",\"breadcrumb\":{\"@id\":\"https:\/\/alexoyarzabal.com\/index.php\/gracias-por-tu-registro\/#breadcrumb\"},\"inLanguage\":\"es-MX\",\"potentialAction\":[{\"@type\":\"ReadAction\",\"target\":[\"https:\/\/alexoyarzabal.com\/index.php\/gracias-por-tu-registro\/\"]}]},{\"@type\":\"BreadcrumbList\",\"@id\":\"https:\/\/alexoyarzabal.com\/index.php\/gracias-por-tu-registro\/#breadcrumb\",\"itemListElement\":[{\"@type\":\"ListItem\",\"position\":1,\"name\":\"Inicio\",\"item\":\"https:\/\/alexoyarzabal.com\/\"},{\"@type\":\"ListItem\",\"position\":2,\"name\":\"Gracias por tu registro\"}]},{\"@type\":\"WebSite\",\"@id\":\"https:\/\/alexoyarzabal.com\/#website\",\"url\":\"https:\/\/alexoyarzabal.com\/\",\"name\":\"Alex Oyarzabal\",\"description\":\"\",\"publisher\":{\"@id\":\"https:\/\/alexoyarzabal.com\/#\/schema\/person\/ee23e5a9387105e601c7dfaaeecaf941\"},\"potentialAction\":[{\"@type\":\"SearchAction\",\"target\":{\"@type\":\"EntryPoint\",\"urlTemplate\":\"https:\/\/alexoyarzabal.com\/?s={search_term_string}\"},\"query-input\":\"required name=search_term_string\"}],\"inLanguage\":\"es-MX\"},{\"@type\":[\"Person\",\"Organization\"],\"@id\":\"https:\/\/alexoyarzabal.com\/#\/schema\/person\/ee23e5a9387105e601c7dfaaeecaf941\",\"name\":\"admin\",\"image\":{\"@type\":\"ImageObject\",\"inLanguage\":\"es-MX\",\"@id\":\"https:\/\/alexoyarzabal.com\/#\/schema\/person\/image\/\",\"url\":\"https:\/\/alexoyarzabal.com\/wp-content\/uploads\/2025\/09\/Alex-Oyarzabal-Version-2.png\",\"contentUrl\":\"https:\/\/alexoyarzabal.com\/wp-content\/uploads\/2025\/09\/Alex-Oyarzabal-Version-2.png\",\"width\":750,\"height\":250,\"caption\":\"admin\"},\"logo\":{\"@id\":\"https:\/\/alexoyarzabal.com\/#\/schema\/person\/image\/\"},\"sameAs\":[\"https:\/\/alexoyarzabal.com\"]}]}<\/script>\n<!-- \/ Yoast SEO plugin. -->","yoast_head_json":{"title":"Gracias por tu registro - Alex Oyarzabal","robots":{"index":"index","follow":"follow","max-snippet":"max-snippet:-1","max-image-preview":"max-image-preview:large","max-video-preview":"max-video-preview:-1"},"canonical":"https:\/\/alexoyarzabal.com\/index.php\/gracias-por-tu-registro\/","og_locale":"es_MX","og_type":"article","og_title":"Gracias por tu registro - Alex Oyarzabal","og_description":"\u00a1Excelente! Ya tienes un lugar garantizado en el webinar. \u00a1Accede a la comunidad de WhatsApp privada! Aqu\u00ed recibir\u00e1s el acceso el d\u00eda del webinar y podr\u00e1s tener el acceso gratuito a las transmisiones previas al webinar \u00a1Quiero acceder!","og_url":"https:\/\/alexoyarzabal.com\/index.php\/gracias-por-tu-registro\/","og_site_name":"Alex Oyarzabal","article_modified_time":"2025-08-23T18:04:40+00:00","og_image":[{"url":"https:\/\/alexoyarzabal.com\/wp-content\/uploads\/2023\/06\/Alex-Oyarzabal-1.png"}],"twitter_card":"summary_large_image","twitter_misc":{"Tiempo de lectura":"1 minuto"},"schema":{"@context":"https:\/\/schema.org","@graph":[{"@type":"WebPage","@id":"https:\/\/alexoyarzabal.com\/index.php\/gracias-por-tu-registro\/","url":"https:\/\/alexoyarzabal.com\/index.php\/gracias-por-tu-registro\/","name":"Gracias por tu registro - Alex Oyarzabal","isPartOf":{"@id":"https:\/\/alexoyarzabal.com\/#website"},"datePublished":"2023-12-14T16:57:26+00:00","dateModified":"2025-08-23T18:04:40+00:00","breadcrumb":{"@id":"https:\/\/alexoyarzabal.com\/index.php\/gracias-por-tu-registro\/#breadcrumb"},"inLanguage":"es-MX","potentialAction":[{"@type":"ReadAction","target":["https:\/\/alexoyarzabal.com\/index.php\/gracias-por-tu-registro\/"]}]},{"@type":"BreadcrumbList","@id":"https:\/\/alexoyarzabal.com\/index.php\/gracias-por-tu-registro\/#breadcrumb","itemListElement":[{"@type":"ListItem","position":1,"name":"Inicio","item":"https:\/\/alexoyarzabal.com\/"},{"@type":"ListItem","position":2,"name":"Gracias por tu registro"}]},{"@type":"WebSite","@id":"https:\/\/alexoyarzabal.com\/#website","url":"https:\/\/alexoyarzabal.com\/","name":"Alex Oyarzabal","description":"","publisher":{"@id":"https:\/\/alexoyarzabal.com\/#\/schema\/person\/ee23e5a9387105e601c7dfaaeecaf941"},"potentialAction":[{"@type":"SearchAction","target":{"@type":"EntryPoint","urlTemplate":"https:\/\/alexoyarzabal.com\/?s={search_term_string}"},"query-input":"required name=search_term_string"}],"inLanguage":"es-MX"},{"@type":["Person","Organization"],"@id":"https:\/\/alexoyarzabal.com\/#\/schema\/person\/ee23e5a9387105e601c7dfaaeecaf941","name":"admin","image":{"@type":"ImageObject","inLanguage":"es-MX","@id":"https:\/\/alexoyarzabal.com\/#\/schema\/person\/image\/","url":"https:\/\/alexoyarzabal.com\/wp-content\/uploads\/2025\/09\/Alex-Oyarzabal-Version-2.png","contentUrl":"https:\/\/alexoyarzabal.com\/wp-content\/uploads\/2025\/09\/Alex-Oyarzabal-Version-2.png","width":750,"height":250,"caption":"admin"},"logo":{"@id":"https:\/\/alexoyarzabal.com\/#\/schema\/person\/image\/"},"sameAs":["https:\/\/alexoyarzabal.com"]}]}},"_links":{"self":[{"href":"https:\/\/alexoyarzabal.com\/index.php\/wp-json\/wp\/v2\/pages\/2925"}],"collection":[{"href":"https:\/\/alexoyarzabal.com\/index.php\/wp-json\/wp\/v2\/pages"}],"about":[{"href":"https:\/\/alexoyarzabal.com\/index.php\/wp-json\/wp\/v2\/types\/page"}],"author":[{"embeddable":true,"href":"https:\/\/alexoyarzabal.com\/index.php\/wp-json\/wp\/v2\/users\/1"}],"replies":[{"embeddable":true,"href":"https:\/\/alexoyarzabal.com\/index.php\/wp-json\/wp\/v2\/comments?post=2925"}],"version-history":[{"count":46,"href":"https:\/\/alexoyarzabal.com\/index.php\/wp-json\/wp\/v2\/pages\/2925\/revisions"}],"predecessor-version":[{"id":3895,"href":"https:\/\/alexoyarzabal.com\/index.php\/wp-json\/wp\/v2\/pages\/2925\/revisions\/3895"}],"wp:attachment":[{"href":"https:\/\/alexoyarzabal.com\/index.php\/wp-json\/wp\/v2\/media?parent=2925"}],"wp:term":[{"taxonomy":"wf_page_folders","embeddable":true,"href":"https:\/\/alexoyarzabal.com\/index.php\/wp-json\/wp\/v2\/wf_page_folders?post=2925"}],"curies":[{"name":"wp","href":"https:\/\/api.w.org\/{rel}","templated":true}]}}