{"id":3367,"date":"2024-12-15T20:00:46","date_gmt":"2024-12-15T20:00:46","guid":{"rendered":"https:\/\/alexoyarzabal.com\/?post_type=product&#038;p=3367"},"modified":"2025-09-16T16:50:19","modified_gmt":"2025-09-16T16:50:19","slug":"servicio-de-streaming-oro-y-miel","status":"publish","type":"product","link":"https:\/\/alexoyarzabal.com\/index.php\/product\/servicio-de-streaming-oro-y-miel\/","title":{"rendered":"Servicio de Streaming Oro y Miel"},"content":{"rendered":"<p>Un programa de trading dise\u00f1ado para que dejes de adivinar y empieces a operar con m\u00e9todo. Combina acceso a los indicadores y rutinas que utiliza Alex Oyarzabal con formaci\u00f3n pr\u00e1ctica en la academia para que entiendas el mercado y tomes decisiones con criterio.<\/p>\n","protected":false},"excerpt":{"rendered":"<p class=\"eael-feature-list-title\">3 meses de acceso al servicio de streaming y a la academia.<\/p>\n<p class=\"eael-feature-list-title\">Curso de NinjaTrader<\/p>\n<p class=\"eael-feature-list-title\">Curso Intensivo de Trading Oro y Miel<\/p>\n<p class=\"eael-feature-list-title\">An\u00e1lisis de mercado en vivo<\/p>\n<p class=\"eael-feature-list-title\">Asesor\u00edas y repasos en vivo con Alex Oyarzabal y sus maestros.<\/p>\n","protected":false},"featured_media":3299,"template":"","meta":{"site-sidebar-layout":"default","site-content-layout":"default","ast-global-header-display":"","ast-banner-title-visibility":"","ast-main-header-display":"","ast-hfb-above-header-display":"","ast-hfb-below-header-display":"","ast-hfb-mobile-header-display":"","site-post-title":"","ast-breadcrumbs-content":"","ast-featured-img":"","footer-sml-layout":"","theme-transparent-header-meta":"default","adv-header-id-meta":"","stick-header-meta":"","header-above-stick-meta":"","header-main-stick-meta":"","header-below-stick-meta":""},"product_cat":[22],"product_tag":[],"yoast_head":"<!-- This site is optimized with the Yoast SEO plugin v20.9 - https:\/\/yoast.com\/wordpress\/plugins\/seo\/ -->\n<title>Servicio de Streaming Oro y Miel - Alex Oyarzabal<\/title>\n<meta name=\"description\" content=\"\u00d3pera en la bolsa con mis indicadores y se\u00f1ales en vivo, acelerando tus resultados e incrementando tu rentabilidad cada semana.\" \/>\n<meta name=\"robots\" content=\"index, follow, max-snippet:-1, max-image-preview:large, max-video-preview:-1\" \/>\n<link rel=\"canonical\" href=\"https:\/\/alexoyarzabal.com\/index.php\/product\/servicio-de-streaming-oro-y-miel\/\" \/>\n<meta property=\"og:locale\" content=\"es_MX\" \/>\n<meta property=\"og:type\" content=\"article\" \/>\n<meta property=\"og:title\" content=\"Servicio de Streaming Oro y Miel - Alex Oyarzabal\" \/>\n<meta property=\"og:description\" content=\"\u00d3pera en la bolsa con mis indicadores y se\u00f1ales en vivo, acelerando tus resultados e incrementando tu rentabilidad cada semana.\" \/>\n<meta property=\"og:url\" content=\"https:\/\/alexoyarzabal.com\/index.php\/product\/servicio-de-streaming-oro-y-miel\/\" \/>\n<meta property=\"og:site_name\" content=\"Alex Oyarzabal\" \/>\n<meta property=\"article:modified_time\" content=\"2025-09-16T16:50:19+00:00\" \/>\n<meta property=\"og:image\" content=\"https:\/\/alexoyarzabal.com\/wp-content\/uploads\/2024\/11\/photo_5044253263553211780_y.jpg\" \/>\n\t<meta property=\"og:image:width\" content=\"1280\" \/>\n\t<meta property=\"og:image:height\" content=\"960\" \/>\n\t<meta property=\"og:image:type\" content=\"image\/jpeg\" \/>\n<meta name=\"twitter:card\" content=\"summary_large_image\" \/>\n<meta name=\"twitter:label1\" content=\"Tiempo de lectura\" \/>\n\t<meta name=\"twitter:data1\" content=\"1 minuto\" \/>\n<script type=\"application\/ld+json\" class=\"yoast-schema-graph\">{\"@context\":\"https:\/\/schema.org\",\"@graph\":[{\"@type\":\"WebPage\",\"@id\":\"https:\/\/alexoyarzabal.com\/index.php\/product\/servicio-de-streaming-oro-y-miel\/\",\"url\":\"https:\/\/alexoyarzabal.com\/index.php\/product\/servicio-de-streaming-oro-y-miel\/\",\"name\":\"Servicio de Streaming Oro y Miel - Alex Oyarzabal\",\"isPartOf\":{\"@id\":\"https:\/\/alexoyarzabal.com\/#website\"},\"datePublished\":\"2024-12-15T20:00:46+00:00\",\"dateModified\":\"2025-09-16T16:50:19+00:00\",\"description\":\"\u00d3pera en la bolsa con mis indicadores y se\u00f1ales en vivo, acelerando tus resultados e incrementando tu rentabilidad cada semana.\",\"breadcrumb\":{\"@id\":\"https:\/\/alexoyarzabal.com\/index.php\/product\/servicio-de-streaming-oro-y-miel\/#breadcrumb\"},\"inLanguage\":\"es-MX\",\"potentialAction\":[{\"@type\":\"ReadAction\",\"target\":[\"https:\/\/alexoyarzabal.com\/index.php\/product\/servicio-de-streaming-oro-y-miel\/\"]}]},{\"@type\":\"BreadcrumbList\",\"@id\":\"https:\/\/alexoyarzabal.com\/index.php\/product\/servicio-de-streaming-oro-y-miel\/#breadcrumb\",\"itemListElement\":[{\"@type\":\"ListItem\",\"position\":1,\"name\":\"Inicio\",\"item\":\"https:\/\/alexoyarzabal.com\/\"},{\"@type\":\"ListItem\",\"position\":2,\"name\":\"Shop\",\"item\":\"https:\/\/alexoyarzabal.com\/index.php\/shop\/\"},{\"@type\":\"ListItem\",\"position\":3,\"name\":\"Servicio de Streaming Oro y Miel\"}]},{\"@type\":\"WebSite\",\"@id\":\"https:\/\/alexoyarzabal.com\/#website\",\"url\":\"https:\/\/alexoyarzabal.com\/\",\"name\":\"Alex Oyarzabal\",\"description\":\"\",\"publisher\":{\"@id\":\"https:\/\/alexoyarzabal.com\/#\/schema\/person\/ee23e5a9387105e601c7dfaaeecaf941\"},\"potentialAction\":[{\"@type\":\"SearchAction\",\"target\":{\"@type\":\"EntryPoint\",\"urlTemplate\":\"https:\/\/alexoyarzabal.com\/?s={search_term_string}\"},\"query-input\":\"required name=search_term_string\"}],\"inLanguage\":\"es-MX\"},{\"@type\":[\"Person\",\"Organization\"],\"@id\":\"https:\/\/alexoyarzabal.com\/#\/schema\/person\/ee23e5a9387105e601c7dfaaeecaf941\",\"name\":\"admin\",\"image\":{\"@type\":\"ImageObject\",\"inLanguage\":\"es-MX\",\"@id\":\"https:\/\/alexoyarzabal.com\/#\/schema\/person\/image\/\",\"url\":\"https:\/\/alexoyarzabal.com\/wp-content\/uploads\/2025\/09\/Alex-Oyarzabal-Version-2.png\",\"contentUrl\":\"https:\/\/alexoyarzabal.com\/wp-content\/uploads\/2025\/09\/Alex-Oyarzabal-Version-2.png\",\"width\":750,\"height\":250,\"caption\":\"admin\"},\"logo\":{\"@id\":\"https:\/\/alexoyarzabal.com\/#\/schema\/person\/image\/\"},\"sameAs\":[\"https:\/\/alexoyarzabal.com\"]}]}<\/script>\n<!-- \/ Yoast SEO plugin. -->","yoast_head_json":{"title":"Servicio de Streaming Oro y Miel - Alex Oyarzabal","description":"\u00d3pera en la bolsa con mis indicadores y se\u00f1ales en vivo, acelerando tus resultados e incrementando tu rentabilidad cada semana.","robots":{"index":"index","follow":"follow","max-snippet":"max-snippet:-1","max-image-preview":"max-image-preview:large","max-video-preview":"max-video-preview:-1"},"canonical":"https:\/\/alexoyarzabal.com\/index.php\/product\/servicio-de-streaming-oro-y-miel\/","og_locale":"es_MX","og_type":"article","og_title":"Servicio de Streaming Oro y Miel - Alex Oyarzabal","og_description":"\u00d3pera en la bolsa con mis indicadores y se\u00f1ales en vivo, acelerando tus resultados e incrementando tu rentabilidad cada semana.","og_url":"https:\/\/alexoyarzabal.com\/index.php\/product\/servicio-de-streaming-oro-y-miel\/","og_site_name":"Alex Oyarzabal","article_modified_time":"2025-09-16T16:50:19+00:00","og_image":[{"width":1280,"height":960,"url":"https:\/\/alexoyarzabal.com\/wp-content\/uploads\/2024\/11\/photo_5044253263553211780_y.jpg","type":"image\/jpeg"}],"twitter_card":"summary_large_image","twitter_misc":{"Tiempo de lectura":"1 minuto"},"schema":{"@context":"https:\/\/schema.org","@graph":[{"@type":"WebPage","@id":"https:\/\/alexoyarzabal.com\/index.php\/product\/servicio-de-streaming-oro-y-miel\/","url":"https:\/\/alexoyarzabal.com\/index.php\/product\/servicio-de-streaming-oro-y-miel\/","name":"Servicio de Streaming Oro y Miel - Alex Oyarzabal","isPartOf":{"@id":"https:\/\/alexoyarzabal.com\/#website"},"datePublished":"2024-12-15T20:00:46+00:00","dateModified":"2025-09-16T16:50:19+00:00","description":"\u00d3pera en la bolsa con mis indicadores y se\u00f1ales en vivo, acelerando tus resultados e incrementando tu rentabilidad cada semana.","breadcrumb":{"@id":"https:\/\/alexoyarzabal.com\/index.php\/product\/servicio-de-streaming-oro-y-miel\/#breadcrumb"},"inLanguage":"es-MX","potentialAction":[{"@type":"ReadAction","target":["https:\/\/alexoyarzabal.com\/index.php\/product\/servicio-de-streaming-oro-y-miel\/"]}]},{"@type":"BreadcrumbList","@id":"https:\/\/alexoyarzabal.com\/index.php\/product\/servicio-de-streaming-oro-y-miel\/#breadcrumb","itemListElement":[{"@type":"ListItem","position":1,"name":"Inicio","item":"https:\/\/alexoyarzabal.com\/"},{"@type":"ListItem","position":2,"name":"Shop","item":"https:\/\/alexoyarzabal.com\/index.php\/shop\/"},{"@type":"ListItem","position":3,"name":"Servicio de Streaming Oro y Miel"}]},{"@type":"WebSite","@id":"https:\/\/alexoyarzabal.com\/#website","url":"https:\/\/alexoyarzabal.com\/","name":"Alex Oyarzabal","description":"","publisher":{"@id":"https:\/\/alexoyarzabal.com\/#\/schema\/person\/ee23e5a9387105e601c7dfaaeecaf941"},"potentialAction":[{"@type":"SearchAction","target":{"@type":"EntryPoint","urlTemplate":"https:\/\/alexoyarzabal.com\/?s={search_term_string}"},"query-input":"required name=search_term_string"}],"inLanguage":"es-MX"},{"@type":["Person","Organization"],"@id":"https:\/\/alexoyarzabal.com\/#\/schema\/person\/ee23e5a9387105e601c7dfaaeecaf941","name":"admin","image":{"@type":"ImageObject","inLanguage":"es-MX","@id":"https:\/\/alexoyarzabal.com\/#\/schema\/person\/image\/","url":"https:\/\/alexoyarzabal.com\/wp-content\/uploads\/2025\/09\/Alex-Oyarzabal-Version-2.png","contentUrl":"https:\/\/alexoyarzabal.com\/wp-content\/uploads\/2025\/09\/Alex-Oyarzabal-Version-2.png","width":750,"height":250,"caption":"admin"},"logo":{"@id":"https:\/\/alexoyarzabal.com\/#\/schema\/person\/image\/"},"sameAs":["https:\/\/alexoyarzabal.com"]}]}},"_links":{"self":[{"href":"https:\/\/alexoyarzabal.com\/index.php\/wp-json\/wp\/v2\/product\/3367"}],"collection":[{"href":"https:\/\/alexoyarzabal.com\/index.php\/wp-json\/wp\/v2\/product"}],"about":[{"href":"https:\/\/alexoyarzabal.com\/index.php\/wp-json\/wp\/v2\/types\/product"}],"wp:featuredmedia":[{"embeddable":true,"href":"https:\/\/alexoyarzabal.com\/index.php\/wp-json\/wp\/v2\/media\/3299"}],"wp:attachment":[{"href":"https:\/\/alexoyarzabal.com\/index.php\/wp-json\/wp\/v2\/media?parent=3367"}],"wp:term":[{"taxonomy":"product_cat","embeddable":true,"href":"https:\/\/alexoyarzabal.com\/index.php\/wp-json\/wp\/v2\/product_cat?post=3367"},{"taxonomy":"product_tag","embeddable":true,"href":"https:\/\/alexoyarzabal.com\/index.php\/wp-json\/wp\/v2\/product_tag?post=3367"}],"curies":[{"name":"wp","href":"https:\/\/api.w.org\/{rel}","templated":true}]}}